{"id":2260,"date":"2022-08-16T15:26:53","date_gmt":"2022-08-16T13:26:53","guid":{"rendered":"https:\/\/romagnacomputer.com\/frequently-asked-questions-faqs\/"},"modified":"2022-08-16T15:26:53","modified_gmt":"2022-08-16T13:26:53","slug":"frequently-asked-questions-faqs","status":"publish","type":"page","link":"https:\/\/romagnacomputer.com\/en\/frequently-asked-questions-faqs\/","title":{"rendered":"Frequently asked questions (FAQs)"},"content":{"rendered":"<div class=\"wpb-content-wrapper\"><p>[vc_row][vc_column][vc_column_text]<\/p>\n<h2>FREQUENTLY ASKED QUESTIONS (FAQs)<\/h2>\n<p>[\/vc_column_text][\/vc_column][\/vc_row][vc_row][vc_column]<div class=\"porto-faqs porto-faqsrxeh wpb_content_element \">\r\n\t<div class=\"page-faqs clearfix wpb_custom_7fe7ddf8f1a240d6488c8a8c41279112\" id=\"porto_faqs_x0zl\">\r\n\r\n\t\t\r\n\t\t\r\n\t\t<div class=\"faq-row faqs-container\">\r\n\t\t\t\r\n<div class=\"faq post-1355 type-faq status-publish hentry\">\r\n\t<section class=\"toggle\">\r\n\t\t<label>Ho acquistato un pc con scheda video gaming ma il mio monitor non ha il connettore HDMI<\/label>\r\n\t\t<div class=\"toggle-content\">\r\n\t\t<h3 class=\"entry-title\" style=\"display: none;\">Ho acquistato un pc con scheda video gaming ma il mio monitor non ha il connettore HDMI<\/h3><span class=\"vcard\" style=\"display: none;\"><span class=\"fn\"><a href=\"https:\/\/romagnacomputer.com\/en\/author\/paolocomm\/\" title=\"Posts by paolocomm\" rel=\"author\">paolocomm<\/a><\/span><\/span><span class=\"updated\" style=\"display:none\">2021-11-25T13:47:25+01:00<\/span>\n<p>Le schede video gaming di nuova generazione non dispongono pi\u00f9 di connessioni vga (cavo blu) poich\u00e9 non si potrebbe sfruttare la potenza della scheda. Se per\u00f2 il vostro monitor non ha una connessione hdmi, potete acquistare un adattatore.<\/p>\n\t\t<\/div>\r\n\t<\/section>\r\n<\/div>\r\n\r\n<div class=\"faq post-1354 type-faq status-publish hentry\">\r\n\t<section class=\"toggle\">\r\n\t\t<label>Ho acquistato un pc con secondo disco ma non appare tra le risorse disponibili<\/label>\r\n\t\t<div class=\"toggle-content\">\r\n\t\t<h3 class=\"entry-title\" style=\"display: none;\">Ho acquistato un pc con secondo disco ma non appare tra le risorse disponibili<\/h3><span class=\"vcard\" style=\"display: none;\"><span class=\"fn\"><a href=\"https:\/\/romagnacomputer.com\/en\/author\/paolocomm\/\" title=\"Posts by paolocomm\" rel=\"author\">paolocomm<\/a><\/span><\/span><span class=\"updated\" style=\"display:none\">2021-11-25T13:46:49+01:00<\/span>\n<p>Durante il trasporto pu\u00f2 succedere che un cavetto si scolleghi o si muova leggermente, rendendo il disco non rilevabile dal pc. Vi chiediamo la cortesia di contattarci cos\u00ec da verificare le connessioni e risolvere il problema velocemente.<\/p>\n\t\t<\/div>\r\n\t<\/section>\r\n<\/div>\r\n\r\n<div class=\"faq post-1353 type-faq status-publish hentry\">\r\n\t<section class=\"toggle\">\r\n\t\t<label>Ho collegato le casse ma non sento l\u2019audio del pc<\/label>\r\n\t\t<div class=\"toggle-content\">\r\n\t\t<h3 class=\"entry-title\" style=\"display: none;\">Ho collegato le casse ma non sento l\u2019audio del pc<\/h3><span class=\"vcard\" style=\"display: none;\"><span class=\"fn\"><a href=\"https:\/\/romagnacomputer.com\/en\/author\/paolocomm\/\" title=\"Posts by paolocomm\" rel=\"author\">paolocomm<\/a><\/span><\/span><span class=\"updated\" style=\"display:none\">2021-11-25T13:46:19+01:00<\/span>\n<p>L\u2019uscita a cui collegare le casse \u00e8 rotonda e di colore verde (vedere schema connettori audio). Per prima cosa, \u00e8 consigliabile provare a collegare un\u2019altra periferica audio, come le cuffie del proprio cellulare, cos\u00ec da escludere problemi di riproduzione da parte del pc. Se con un\u2019altra periferica audio funziona, controllare che le casse siano correttamente collegate, che la spina di corrente sia collegata, che siano accese e con il volume attivo (non muto).<\/p>\n\t\t<\/div>\r\n\t<\/section>\r\n<\/div>\r\n\r\n<div class=\"faq post-1352 type-faq status-publish hentry\">\r\n\t<section class=\"toggle\">\r\n\t\t<label>Dove trovo la licenza di Windows 10<\/label>\r\n\t\t<div class=\"toggle-content\">\r\n\t\t<h3 class=\"entry-title\" style=\"display: none;\">Dove trovo la licenza di Windows 10<\/h3><span class=\"vcard\" style=\"display: none;\"><span class=\"fn\"><a href=\"https:\/\/romagnacomputer.com\/en\/author\/paolocomm\/\" title=\"Posts by paolocomm\" rel=\"author\">paolocomm<\/a><\/span><\/span><span class=\"updated\" style=\"display:none\">2021-11-25T13:45:44+01:00<\/span>\n<p>Il product key del sistema operativo Windows 10 si trova sulla parte superiore del pc. Si tratta di una etichetta colorata<\/p>\n\t\t<\/div>\r\n\t<\/section>\r\n<\/div>\r\n\r\n<div class=\"faq rc-faqs post-1351 type-faq status-publish hentry faq_cat-rc-faqs\">\r\n\t<section class=\"toggle\">\r\n\t\t<label>Nella confezione non sono disponibili i supporti per l\u2019installazione del sistema operativo<\/label>\r\n\t\t<div class=\"toggle-content\">\r\n\t\t<h3 class=\"entry-title\" style=\"display: none;\">Nella confezione non sono disponibili i supporti per l\u2019installazione del sistema operativo<\/h3><span class=\"vcard\" style=\"display: none;\"><span class=\"fn\"><a href=\"https:\/\/romagnacomputer.com\/en\/author\/paolocomm\/\" title=\"Posts by paolocomm\" rel=\"author\">paolocomm<\/a><\/span><\/span><span class=\"updated\" style=\"display:none\">2021-11-25T13:40:24+01:00<\/span>\n<p>Windows 10 \u00e8 un sistema operativo in continua evoluzione. E\u2019 pertanto pi\u00f9 conveniente scaricare la versione pi\u00f9 aggiornata dal sito ufficiale di Microsoft .<\/p>\n\t\t<\/div>\r\n\t<\/section>\r\n<\/div>\r\n\r\n<div class=\"faq rc-faqs post-1350 type-faq status-publish hentry faq_cat-rc-faqs\">\r\n\t<section class=\"toggle\">\r\n\t\t<label>Ho provato a collegarmi al mio router con la chiavetta in dotazione ma non funziona<\/label>\r\n\t\t<div class=\"toggle-content\">\r\n\t\t<h3 class=\"entry-title\" style=\"display: none;\">Ho provato a collegarmi al mio router con la chiavetta in dotazione ma non funziona<\/h3><span class=\"vcard\" style=\"display: none;\"><span class=\"fn\"><a href=\"https:\/\/romagnacomputer.com\/en\/author\/paolocomm\/\" title=\"Posts by paolocomm\" rel=\"author\">paolocomm<\/a><\/span><\/span><span class=\"updated\" style=\"display:none\">2021-11-25T13:40:31+01:00<\/span>\n<p>La rete wifi del vostro router pu\u00f2 avere diverse configurazioni. Pu\u00f2 quindi succedere che la chiavetta fornita in omaggio non sia compatibile e non riesce quindi a collegarsi. Potrebbe riconoscere la rete, chiedere la chiave di sicurezza ma non riuscire a stabilire una connessione o potrebbe non riconoscere la vostra rete. In questo caso, vi preghiamo di contattarci. Sar\u00e0 nostra premura fornirvi una chiavetta wifi di altro modello.<\/p>\n\t\t<\/div>\r\n\t<\/section>\r\n<\/div>\r\n\r\n<div class=\"faq rc-faqs post-1348 type-faq status-publish hentry faq_cat-rc-faqs\">\r\n\t<section class=\"toggle\">\r\n\t\t<label>Durante la connessione alla rete wifi, ho selezionato il modem ma mi viene chiesta una password<\/label>\r\n\t\t<div class=\"toggle-content\">\r\n\t\t<h3 class=\"entry-title\" style=\"display: none;\">Durante la connessione alla rete wifi, ho selezionato il modem ma mi viene chiesta una password<\/h3><span class=\"vcard\" style=\"display: none;\"><span class=\"fn\"><a href=\"https:\/\/romagnacomputer.com\/en\/author\/paolocomm\/\" title=\"Posts by paolocomm\" rel=\"author\">paolocomm<\/a><\/span><\/span><span class=\"updated\" style=\"display:none\">2021-11-25T13:38:09+01:00<\/span>\n<p>La password di protezione della rete wifi si trova solitamente sotto al modem del gestore telefonico.<\/p>\n\t\t<\/div>\r\n\t<\/section>\r\n<\/div>\r\n\r\n<div class=\"faq rc-faqs post-1347 type-faq status-publish hentry faq_cat-rc-faqs\">\r\n\t<section class=\"toggle\">\r\n\t\t<label>Ho collegato il monitor ma appare la scritta \u201cNessun Segnale\u201d e rimane nero<\/label>\r\n\t\t<div class=\"toggle-content\">\r\n\t\t<h3 class=\"entry-title\" style=\"display: none;\">Ho collegato il monitor ma appare la scritta \u201cNessun Segnale\u201d e rimane nero<\/h3><span class=\"vcard\" style=\"display: none;\"><span class=\"fn\"><a href=\"https:\/\/romagnacomputer.com\/en\/author\/paolocomm\/\" title=\"Posts by paolocomm\" rel=\"author\">paolocomm<\/a><\/span><\/span><span class=\"updated\" style=\"display:none\">2021-11-25T13:35:59+01:00<\/span>\n<p>Verificare che il pc acquistato non sia dotato di scheda video con memoria dedicata. In tal caso, collegare il monitor nei connettori posti in orizzontale nella parte bassa del pc. \u00a0<\/p>\n\t\t<\/div>\r\n\t<\/section>\r\n<\/div>\r\n\t\t<\/div>\r\n\r\n\t\t\r\n\t<\/div>\r\n\r\n\t\r\n\t<\/div>[\/vc_column][\/vc_row]<\/p>\n<\/div>","protected":false},"excerpt":{"rendered":"<p>[vc_row][vc_column][vc_column_text] FREQUENTLY ASKED QUESTIONS (FAQs) [\/vc_column_text][\/vc_column][\/vc_row][vc_row][vc_column][\/vc_column][\/vc_row]<\/p>\n","protected":false},"author":1,"featured_media":0,"parent":0,"menu_order":0,"comment_status":"closed","ping_status":"closed","template":"","meta":{"footnotes":""},"class_list":["post-2260","page","type-page","status-publish","hentry"],"yoast_head":"<!-- This site is optimized with the Yoast SEO plugin v26.7 - https:\/\/yoast.com\/wordpress\/plugins\/seo\/ -->\n<title>Frequently asked questions (FAQs) - Romagna Computer S.r.l.<\/title>\n<meta name=\"robots\" content=\"index, follow, max-snippet:-1, max-image-preview:large, max-video-preview:-1\" \/>\n<link rel=\"canonical\" href=\"https:\/\/romagnacomputer.com\/en\/frequently-asked-questions-faqs\/\" \/>\n<meta property=\"og:locale\" content=\"en_US\" \/>\n<meta property=\"og:type\" content=\"article\" \/>\n<meta property=\"og:title\" content=\"Frequently asked questions (FAQs) - Romagna Computer S.r.l.\" \/>\n<meta property=\"og:description\" content=\"[vc_row][vc_column][vc_column_text] FREQUENTLY ASKED QUESTIONS (FAQs) [\/vc_column_text][\/vc_column][\/vc_row][vc_row][vc_column][\/vc_column][\/vc_row]\" \/>\n<meta property=\"og:url\" content=\"https:\/\/romagnacomputer.com\/en\/frequently-asked-questions-faqs\/\" \/>\n<meta property=\"og:site_name\" content=\"Romagna Computer S.r.l.\" \/>\n<meta property=\"article:publisher\" content=\"https:\/\/www.facebook.com\/romagnacomputer\" \/>\n<meta name=\"twitter:card\" content=\"summary_large_image\" \/>\n<script type=\"application\/ld+json\" class=\"yoast-schema-graph\">{\"@context\":\"https:\/\/schema.org\",\"@graph\":[{\"@type\":\"WebPage\",\"@id\":\"https:\/\/romagnacomputer.com\/en\/frequently-asked-questions-faqs\/\",\"url\":\"https:\/\/romagnacomputer.com\/en\/frequently-asked-questions-faqs\/\",\"name\":\"Frequently asked questions (FAQs) - Romagna Computer S.r.l.\",\"isPartOf\":{\"@id\":\"https:\/\/romagnacomputer.com\/#website\"},\"datePublished\":\"2022-08-16T13:26:53+00:00\",\"breadcrumb\":{\"@id\":\"https:\/\/romagnacomputer.com\/en\/frequently-asked-questions-faqs\/#breadcrumb\"},\"inLanguage\":\"en-US\",\"potentialAction\":[{\"@type\":\"ReadAction\",\"target\":[\"https:\/\/romagnacomputer.com\/en\/frequently-asked-questions-faqs\/\"]}]},{\"@type\":\"BreadcrumbList\",\"@id\":\"https:\/\/romagnacomputer.com\/en\/frequently-asked-questions-faqs\/#breadcrumb\",\"itemListElement\":[{\"@type\":\"ListItem\",\"position\":1,\"name\":\"Home\",\"item\":\"https:\/\/romagnacomputer.com\/en\/home\/\"},{\"@type\":\"ListItem\",\"position\":2,\"name\":\"Frequently asked questions (FAQs)\"}]},{\"@type\":\"WebSite\",\"@id\":\"https:\/\/romagnacomputer.com\/#website\",\"url\":\"https:\/\/romagnacomputer.com\/\",\"name\":\"Romagna Computer S.r.l.\",\"description\":\"Vendita Computer\",\"publisher\":{\"@id\":\"https:\/\/romagnacomputer.com\/#organization\"},\"potentialAction\":[{\"@type\":\"SearchAction\",\"target\":{\"@type\":\"EntryPoint\",\"urlTemplate\":\"https:\/\/romagnacomputer.com\/?s={search_term_string}\"},\"query-input\":{\"@type\":\"PropertyValueSpecification\",\"valueRequired\":true,\"valueName\":\"search_term_string\"}}],\"inLanguage\":\"en-US\"},{\"@type\":\"Organization\",\"@id\":\"https:\/\/romagnacomputer.com\/#organization\",\"name\":\"Romagna Computer S.r.l.\",\"url\":\"https:\/\/romagnacomputer.com\/\",\"logo\":{\"@type\":\"ImageObject\",\"inLanguage\":\"en-US\",\"@id\":\"https:\/\/romagnacomputer.com\/#\/schema\/logo\/image\/\",\"url\":\"https:\/\/romagnacomputer.com\/wp-content\/uploads\/2021\/10\/Romagna-Computer-Logo-x2.png\",\"contentUrl\":\"https:\/\/romagnacomputer.com\/wp-content\/uploads\/2021\/10\/Romagna-Computer-Logo-x2.png\",\"width\":350,\"height\":100,\"caption\":\"Romagna Computer S.r.l.\"},\"image\":{\"@id\":\"https:\/\/romagnacomputer.com\/#\/schema\/logo\/image\/\"},\"sameAs\":[\"https:\/\/www.facebook.com\/romagnacomputer\"]}]}<\/script>\n<!-- \/ Yoast SEO plugin. -->","yoast_head_json":{"title":"Frequently asked questions (FAQs) - Romagna Computer S.r.l.","robots":{"index":"index","follow":"follow","max-snippet":"max-snippet:-1","max-image-preview":"max-image-preview:large","max-video-preview":"max-video-preview:-1"},"canonical":"https:\/\/romagnacomputer.com\/en\/frequently-asked-questions-faqs\/","og_locale":"en_US","og_type":"article","og_title":"Frequently asked questions (FAQs) - Romagna Computer S.r.l.","og_description":"[vc_row][vc_column][vc_column_text] FREQUENTLY ASKED QUESTIONS (FAQs) [\/vc_column_text][\/vc_column][\/vc_row][vc_row][vc_column][\/vc_column][\/vc_row]","og_url":"https:\/\/romagnacomputer.com\/en\/frequently-asked-questions-faqs\/","og_site_name":"Romagna Computer S.r.l.","article_publisher":"https:\/\/www.facebook.com\/romagnacomputer","twitter_card":"summary_large_image","schema":{"@context":"https:\/\/schema.org","@graph":[{"@type":"WebPage","@id":"https:\/\/romagnacomputer.com\/en\/frequently-asked-questions-faqs\/","url":"https:\/\/romagnacomputer.com\/en\/frequently-asked-questions-faqs\/","name":"Frequently asked questions (FAQs) - Romagna Computer S.r.l.","isPartOf":{"@id":"https:\/\/romagnacomputer.com\/#website"},"datePublished":"2022-08-16T13:26:53+00:00","breadcrumb":{"@id":"https:\/\/romagnacomputer.com\/en\/frequently-asked-questions-faqs\/#breadcrumb"},"inLanguage":"en-US","potentialAction":[{"@type":"ReadAction","target":["https:\/\/romagnacomputer.com\/en\/frequently-asked-questions-faqs\/"]}]},{"@type":"BreadcrumbList","@id":"https:\/\/romagnacomputer.com\/en\/frequently-asked-questions-faqs\/#breadcrumb","itemListElement":[{"@type":"ListItem","position":1,"name":"Home","item":"https:\/\/romagnacomputer.com\/en\/home\/"},{"@type":"ListItem","position":2,"name":"Frequently asked questions (FAQs)"}]},{"@type":"WebSite","@id":"https:\/\/romagnacomputer.com\/#website","url":"https:\/\/romagnacomputer.com\/","name":"Romagna Computer S.r.l.","description":"Vendita Computer","publisher":{"@id":"https:\/\/romagnacomputer.com\/#organization"},"potentialAction":[{"@type":"SearchAction","target":{"@type":"EntryPoint","urlTemplate":"https:\/\/romagnacomputer.com\/?s={search_term_string}"},"query-input":{"@type":"PropertyValueSpecification","valueRequired":true,"valueName":"search_term_string"}}],"inLanguage":"en-US"},{"@type":"Organization","@id":"https:\/\/romagnacomputer.com\/#organization","name":"Romagna Computer S.r.l.","url":"https:\/\/romagnacomputer.com\/","logo":{"@type":"ImageObject","inLanguage":"en-US","@id":"https:\/\/romagnacomputer.com\/#\/schema\/logo\/image\/","url":"https:\/\/romagnacomputer.com\/wp-content\/uploads\/2021\/10\/Romagna-Computer-Logo-x2.png","contentUrl":"https:\/\/romagnacomputer.com\/wp-content\/uploads\/2021\/10\/Romagna-Computer-Logo-x2.png","width":350,"height":100,"caption":"Romagna Computer S.r.l."},"image":{"@id":"https:\/\/romagnacomputer.com\/#\/schema\/logo\/image\/"},"sameAs":["https:\/\/www.facebook.com\/romagnacomputer"]}]}},"_links":{"self":[{"href":"https:\/\/romagnacomputer.com\/en\/wp-json\/wp\/v2\/pages\/2260","targetHints":{"allow":["GET"]}}],"collection":[{"href":"https:\/\/romagnacomputer.com\/en\/wp-json\/wp\/v2\/pages"}],"about":[{"href":"https:\/\/romagnacomputer.com\/en\/wp-json\/wp\/v2\/types\/page"}],"author":[{"embeddable":true,"href":"https:\/\/romagnacomputer.com\/en\/wp-json\/wp\/v2\/users\/1"}],"replies":[{"embeddable":true,"href":"https:\/\/romagnacomputer.com\/en\/wp-json\/wp\/v2\/comments?post=2260"}],"version-history":[{"count":0,"href":"https:\/\/romagnacomputer.com\/en\/wp-json\/wp\/v2\/pages\/2260\/revisions"}],"wp:attachment":[{"href":"https:\/\/romagnacomputer.com\/en\/wp-json\/wp\/v2\/media?parent=2260"}],"curies":[{"name":"wp","href":"https:\/\/api.w.org\/{rel}","templated":true}]}}