{"id":3700,"date":"2024-11-18T15:38:48","date_gmt":"2024-11-18T14:38:48","guid":{"rendered":"https:\/\/romagnacomputer.com\/?post_type=product&#038;p=3700"},"modified":"2025-01-29T16:31:28","modified_gmt":"2025-01-29T15:31:28","slug":"stampante-pantum-mfc-laser-color-cm2100adw-a4-3in1-20ppm-gdi-512mb-lcd-stampa-f-r","status":"publish","type":"product","link":"https:\/\/romagnacomputer.com\/en\/prodotto\/stampante-pantum-mfc-laser-color-cm2100adw-a4-3in1-20ppm-gdi-512mb-lcd-stampa-f-r\/","title":{"rendered":"STAMPANTE PANTUM MFC LASER COLOR CM2100ADW A4 3IN1 20PPM GDI 512MB LCD STAMPA F\/R"},"content":{"rendered":"<p><strong>Modello<\/strong>: CM2100ADW<\/p>\n<p><strong>Stampa<\/strong><br \/>\nVelocit\u00e0 di stampa:<br \/>\n&#8211; A4: 20 pagine al minuto<br \/>\nVelocit\u00e0 di stampa fronte-retro: 6 pagine al minuto (A4\/LTR)<br \/>\nOra di uscita della prima stampa:<br \/>\n&#8211; Monocromatico: 10 secondi<br \/>\n&#8211; A colori: 12 secondi<br \/>\nLinguaggio della stampante: GDI<br \/>\nVelocit\u00e0 del processore: 500 MHz<br \/>\nMemoria: DDR3L 512MB<br \/>\nDisco rigido: SPINAND256MB<br \/>\nPannello di controllo: Touchscreen da 3,5 pollici<br \/>\nVolume mensile di pagine consigliato: 150-1500 pagine<br \/>\nCiclo di lavoro mensile massimo: 30.000 pagine<br \/>\nStampa fronte\/retro automatica: S\u00ec<br \/>\nStampa mobile: Airprint, Mopria, App PANTUM, Wi-Fi Direct<\/p>\n<p><strong>Copia<\/strong><br \/>\nVelocit\u00e0 di copia: 20cpm (A4\/LTR)<br \/>\nOrario di uscita della prima copia:<br \/>\n&#8211; FB \u2264 17s<br \/>\n&#8211; ADF \u2264 18s<br \/>\nModalit\u00e0 copia: Testo, Immagine, Testo+Immagine, Automatico (predefinito)<br \/>\nCopia risoluzione: Max. 600 x 600 dpi<br \/>\nImpostazioni di riduzione\/ingrandimento della copia: 25%-400%<br \/>\nPagina di copia massima: 99 pagine<br \/>\nFunzione di copia: Copia carta d&#8217;identit\u00e0, Copia della ricevuta, Copia N su 1, Copia clonata, copia del manifesto<\/p>\n<p><strong>Scansione<\/strong><br \/>\nTecnologia di scansione: CIS<br \/>\nTipo di scanner: FB+ADF<br \/>\nModalit\u00e0 di scansione: colore, grigio, monocromatico<br \/>\nVelocit\u00e0 di scansione dell&#8217;ADF: 20 ipm (A4\/LTR)<br \/>\nCapacit\u00e0 dell&#8217;ADF: 50 pagine (80 g\/m2)<br \/>\nRisoluzione:<br \/>\n&#8211; ADF: Max 600 x 600 dpi<br \/>\n&#8211; FB: Max. 1200 x 1200 dpi<br \/>\nDimensione scansione:<br \/>\n&#8211; FB: Max. 216 mm x 297 mm<br \/>\n&#8211; ADF: Max. 216 mm x 356 mm<br \/>\nScansione su: PC\/Email\/FTP\/Chiavetta USB<br \/>\nFormato di scansione (Windows\/Mac):<br \/>\n&#8211; Pull scan: PDF, TIFF, JPG, BMP, PNG, OFD<br \/>\n&#8211; Push scan: PDF, TIFF, JPG, OFD<br \/>\nFormato di scansione (Linux):<br \/>\n&#8211; Pull scan: PDF, TIFF, JPG, BMP, PNG<br \/>\nApplicazione di scansione Pantum: S\u00ec<\/p>\n<p><strong>Gestione della carta<\/strong><br \/>\nCapacit\u00e0 di ingresso carta:<br \/>\n&#8211; Standard: 250 pagine<br \/>\n&#8211; Multiuso: 1 pagina<br \/>\n&#8211; Massimo: 250+1 pagine<br \/>\nCapacit\u00e0 di uscita della carta:<br \/>\n&#8211; Standard: 100 pagine<br \/>\n&#8211; Massimo: 100 pagine<br \/>\nRilevamento uscita carta: S\u00ec<br \/>\nTipo di supporto:<br \/>\n&#8211; Carta sottile: 60~70 g (esclusi 70 g)<br \/>\n&#8211; Carta comune 1: 70~90 g (esclusi 90 g)<br \/>\n&#8211; Carta comune 2: 90 g-105 g (inclusi 90 g, inclusi 105 g)<br \/>\n&#8211; Carta spessa: 105~130 g (esclusi 105 g e 130 g)<br \/>\n&#8211; Carta spessa 2: 130 g-176 g (inclusi 130 g e 176 g)<br \/>\n&#8211; Carta spessa 3: 176 g-200 g (inclusi 200 g)<br \/>\n&#8211; Buste\/Cartoline\/Etichette<br \/>\nDimensioni supporti:<br \/>\n&#8211; A4, Letter, Legal, Folio, Oficio, JIS B5, ISO B5, Executive, Statement, A5, grande 16K (210mm\u00d7285mm) , 16K (185mm\u00d7260mm) , grande 32K (203mm\u00d7140mm) , 32K ( 184mm\u00d7 130mm) , A6, Busta N.10, Busta Monarch, Busta DL, Busta C5, Busta C6, Yougata4, Younaga3, Nagagata3, Yougata2, Busta ZL, Cartolina, B6, Cartolina giapponese<br \/>\n&#8211; Personalizza: 96x148mm~216x356mm<br \/>\nPeso supporti:<br \/>\n&#8211; Standard: 60 g~105 g\/\u33a1<br \/>\n&#8211; Multiuso: 60 g~200g\/\u33a1<br \/>\n&#8211; Stampa fronte\/retro: 70 g~105 g\/\u33a1<\/p>\n<p><strong>Generale<\/strong><br \/>\nDimensioni macchina (P x L x A): 415 x 403 x 346mm<br \/>\nDimensioni imballo macchina (P x L x A): 566 x 512 x 442mm<br \/>\nPeso netto della stampante: 19,45 Kg<br \/>\nPeso lordo della stampante: 22,5 Kg<\/p>\n<p><strong>Connettivit\u00e0<\/strong><br \/>\n&#8211; USB2.0<br \/>\n&#8211; LAN 10\/100 Base Tx<br \/>\n&#8211; Wi-Fi (2.4G)<\/p>\n<p><strong>Energia:<br \/>\n<\/strong>CA 100-127 V (\u00b1 10%), 50\/60 Hz (\u00b1 3 Hz), 8 A &#8211; AC220-240 V (\u00b1 10%), 50\/60 Hz (\u00b1 3 Hz), 4 A<br \/>\nConsumo di energia:<br \/>\n&#8211; Media di stampa: \u2264380 W<br \/>\n&#8211; Standby: &lt;5 W<br \/>\n&#8211; Inattivo: &lt;2W<br \/>\n&#8211; Spento: &lt;0,5 W<br \/>\nEnergy Star: Energy Star 3.0<br \/>\n<strong>Rumore<\/strong>:<br \/>\n&#8211; Standby: \u226430dBA<br \/>\n&#8211; Stampa: \u226454dBA<br \/>\n&#8211; Muto: \u226450dBA<\/p>\n<p><strong>Sistema operativo: <\/strong><br \/>\n&#8211; Windows: Windows XP (x86) , Windows 7 (x86\/x64) , Windows 8.1 (x86\/x64) , Windows 10 (x86\/x64) , Windows 11 (x64) , Server 2008, Server 2008 R2, Server 2012, Server 2012 R2, Server 2016, Server2019<br \/>\n&#8211; Mac: Mac10.8, 10.9\uff5e10.15, Mac OS 11, Mac OS 12<br \/>\n&#8211; Linux: Ubuntu 16.04 (x86\/x64), Ubuntu 18.04 (x64), Ubuntu 20.04 (x64), Debian 10.0, Centos 7 (32\/64 bit), Astra Linux Special Edition V1.6, Redhat 8.0.0, Centos 8.2(64 bit)<br \/>\n&#8211; Google Chrome: 109.0.5414.125-110.0.5481.181<br \/>\n&#8211; iOS: 11.0-16.3<br \/>\n&#8211; Android: 6.0-13.0<br \/>\n&#8211; Harmony: 1,0-3,0<\/p>\n<p><strong>Consumabili<\/strong><br \/>\nCartuccia iniziale:<br \/>\n&#8211; Toner nero CTL-2100K: 1500 pagine<br \/>\n&#8211; Toner cianoCTL-2100C: 1000 pagine<br \/>\n&#8211; Toner magenta CTL-2100M: 1000 pagine<br \/>\n&#8211; Toner giallo CTL-2100Y: 1000 pagine<br \/>\n&#8211; Collettore toner di scarto CWT-2100: 15.000 pagine<br \/>\nModello e resa della cartuccia:<br \/>\n&#8211; Toner nero CTL-2100K: 1500 pagine<br \/>\n&#8211; Toner ciano CTL-2100C: 1000 pagine<br \/>\n&#8211; Toner magenta CTL-2100M: 1000 pagine<br \/>\n&#8211; Toner giallo CTL-2100Y: 1000 pagine<br \/>\n&#8211; Toner nero XL CTL-2100HK: 3000 pagine<br \/>\n&#8211; Toner ciano XL CTL-2100HC<br \/>\n&#8211; Toner magenta XL CTL-2100HM<br \/>\n&#8211; Toner giallo XL CTL-2100HY: 2500 pagine<br \/>\n&#8211; Collettore toner di scarto CWT-2100: 15.000 pagine<\/p>\n","protected":false},"excerpt":{"rendered":"<p>Modello: CM2100ADW Stampa Velocit\u00e0 di stampa: &#8211; A4: 20 pagine al minuto Velocit\u00e0 di stampa fronte-retro: 6 pagine al minuto (A4\/LTR) Ora di uscita della prima stampa: &#8211; Monocromatico: 10 secondi &#8211; A colori: 12 secondi Linguaggio della stampante: GDI Velocit\u00e0 del processore: 500 MHz Memoria: DDR3L 512MB Disco rigido: SPINAND256MB Pannello di controllo: Touchscreen [&hellip;]<\/p>\n","protected":false},"featured_media":3707,"comment_status":"open","ping_status":"closed","template":"","meta":[],"product_brand":[],"product_cat":[401,389],"product_tag":[],"class_list":{"0":"post-3700","1":"product","2":"type-product","3":"status-publish","4":"has-post-thumbnail","6":"product_cat-stampanti-multifunzione-laser-a-colori","7":"product_cat-stampanti","9":"first","10":"instock","11":"shipping-taxable","12":"purchasable","13":"product-type-simple"},"yoast_head":"<!-- This site is optimized with the Yoast SEO plugin v27.6 - https:\/\/yoast.com\/product\/yoast-seo-wordpress\/ -->\n<title>STAMPANTE PANTUM MFC LASER COLOR CM2100ADW A4 3IN1 20PPM GDI 512MB LCD STAMPA F\/R - Romagna Computer S.r.l.<\/title>\n<meta name=\"robots\" content=\"index, follow, max-snippet:-1, max-image-preview:large, max-video-preview:-1\" \/>\n<link rel=\"canonical\" href=\"https:\/\/romagnacomputer.com\/prodotto\/stampante-pantum-mfc-laser-color-cm2100adw-a4-3in1-20ppm-gdi-512mb-lcd-stampa-f-r\/\" \/>\n<meta property=\"og:locale\" content=\"en_US\" \/>\n<meta property=\"og:type\" content=\"article\" \/>\n<meta property=\"og:title\" content=\"STAMPANTE PANTUM MFC LASER COLOR CM2100ADW A4 3IN1 20PPM GDI 512MB LCD STAMPA F\/R - Romagna Computer S.r.l.\" \/>\n<meta property=\"og:description\" content=\"Modello: CM2100ADW Stampa Velocit\u00e0 di stampa: &#8211; A4: 20 pagine al minuto Velocit\u00e0 di stampa fronte-retro: 6 pagine al minuto (A4\/LTR) Ora di uscita della prima stampa: &#8211; Monocromatico: 10 secondi &#8211; A colori: 12 secondi Linguaggio della stampante: GDI Velocit\u00e0 del processore: 500 MHz Memoria: DDR3L 512MB Disco rigido: SPINAND256MB Pannello di controllo: Touchscreen [&hellip;]\" \/>\n<meta property=\"og:url\" content=\"https:\/\/romagnacomputer.com\/prodotto\/stampante-pantum-mfc-laser-color-cm2100adw-a4-3in1-20ppm-gdi-512mb-lcd-stampa-f-r\/\" \/>\n<meta property=\"og:site_name\" content=\"Romagna Computer S.r.l.\" \/>\n<meta property=\"article:publisher\" content=\"https:\/\/www.facebook.com\/romagnacomputer\" \/>\n<meta property=\"article:modified_time\" content=\"2025-01-29T15:31:28+00:00\" \/>\n<meta property=\"og:image\" content=\"https:\/\/romagnacomputer.com\/wp-content\/uploads\/2024\/11\/80.400-1.jpg\" \/>\n\t<meta property=\"og:image:width\" content=\"400\" \/>\n\t<meta property=\"og:image:height\" content=\"400\" \/>\n\t<meta property=\"og:image:type\" content=\"image\/jpeg\" \/>\n<meta name=\"twitter:card\" content=\"summary_large_image\" \/>\n<meta name=\"twitter:label1\" content=\"Est. reading time\" \/>\n\t<meta name=\"twitter:data1\" content=\"4 minutes\" \/>\n<script type=\"application\/ld+json\" class=\"yoast-schema-graph\">{\"@context\":\"https:\\\/\\\/schema.org\",\"@graph\":[{\"@type\":\"WebPage\",\"@id\":\"https:\\\/\\\/romagnacomputer.com\\\/prodotto\\\/stampante-pantum-mfc-laser-color-cm2100adw-a4-3in1-20ppm-gdi-512mb-lcd-stampa-f-r\\\/\",\"url\":\"https:\\\/\\\/romagnacomputer.com\\\/prodotto\\\/stampante-pantum-mfc-laser-color-cm2100adw-a4-3in1-20ppm-gdi-512mb-lcd-stampa-f-r\\\/\",\"name\":\"STAMPANTE PANTUM MFC LASER COLOR CM2100ADW A4 3IN1 20PPM GDI 512MB LCD STAMPA F\\\/R - Romagna Computer S.r.l.\",\"isPartOf\":{\"@id\":\"https:\\\/\\\/romagnacomputer.com\\\/#website\"},\"primaryImageOfPage\":{\"@id\":\"https:\\\/\\\/romagnacomputer.com\\\/prodotto\\\/stampante-pantum-mfc-laser-color-cm2100adw-a4-3in1-20ppm-gdi-512mb-lcd-stampa-f-r\\\/#primaryimage\"},\"image\":{\"@id\":\"https:\\\/\\\/romagnacomputer.com\\\/prodotto\\\/stampante-pantum-mfc-laser-color-cm2100adw-a4-3in1-20ppm-gdi-512mb-lcd-stampa-f-r\\\/#primaryimage\"},\"thumbnailUrl\":\"https:\\\/\\\/romagnacomputer.com\\\/wp-content\\\/uploads\\\/2024\\\/11\\\/80.400-1.jpg\",\"datePublished\":\"2024-11-18T14:38:48+00:00\",\"dateModified\":\"2025-01-29T15:31:28+00:00\",\"breadcrumb\":{\"@id\":\"https:\\\/\\\/romagnacomputer.com\\\/prodotto\\\/stampante-pantum-mfc-laser-color-cm2100adw-a4-3in1-20ppm-gdi-512mb-lcd-stampa-f-r\\\/#breadcrumb\"},\"inLanguage\":\"en-US\",\"potentialAction\":[{\"@type\":\"ReadAction\",\"target\":[\"https:\\\/\\\/romagnacomputer.com\\\/prodotto\\\/stampante-pantum-mfc-laser-color-cm2100adw-a4-3in1-20ppm-gdi-512mb-lcd-stampa-f-r\\\/\"]}]},{\"@type\":\"ImageObject\",\"inLanguage\":\"en-US\",\"@id\":\"https:\\\/\\\/romagnacomputer.com\\\/prodotto\\\/stampante-pantum-mfc-laser-color-cm2100adw-a4-3in1-20ppm-gdi-512mb-lcd-stampa-f-r\\\/#primaryimage\",\"url\":\"https:\\\/\\\/romagnacomputer.com\\\/wp-content\\\/uploads\\\/2024\\\/11\\\/80.400-1.jpg\",\"contentUrl\":\"https:\\\/\\\/romagnacomputer.com\\\/wp-content\\\/uploads\\\/2024\\\/11\\\/80.400-1.jpg\",\"width\":400,\"height\":400},{\"@type\":\"BreadcrumbList\",\"@id\":\"https:\\\/\\\/romagnacomputer.com\\\/prodotto\\\/stampante-pantum-mfc-laser-color-cm2100adw-a4-3in1-20ppm-gdi-512mb-lcd-stampa-f-r\\\/#breadcrumb\",\"itemListElement\":[{\"@type\":\"ListItem\",\"position\":1,\"name\":\"Home\",\"item\":\"https:\\\/\\\/romagnacomputer.com\\\/en\\\/home\\\/\"},{\"@type\":\"ListItem\",\"position\":2,\"name\":\"Shop\",\"item\":\"https:\\\/\\\/romagnacomputer.com\\\/en\\\/shop\\\/\"},{\"@type\":\"ListItem\",\"position\":3,\"name\":\"STAMPANTE PANTUM MFC LASER COLOR CM2100ADW A4 3IN1 20PPM GDI 512MB LCD STAMPA F\\\/R\"}]},{\"@type\":\"WebSite\",\"@id\":\"https:\\\/\\\/romagnacomputer.com\\\/#website\",\"url\":\"https:\\\/\\\/romagnacomputer.com\\\/\",\"name\":\"Romagna Computer S.r.l.\",\"description\":\"Vendita Computer\",\"publisher\":{\"@id\":\"https:\\\/\\\/romagnacomputer.com\\\/#organization\"},\"potentialAction\":[{\"@type\":\"SearchAction\",\"target\":{\"@type\":\"EntryPoint\",\"urlTemplate\":\"https:\\\/\\\/romagnacomputer.com\\\/?s={search_term_string}\"},\"query-input\":{\"@type\":\"PropertyValueSpecification\",\"valueRequired\":true,\"valueName\":\"search_term_string\"}}],\"inLanguage\":\"en-US\"},{\"@type\":\"Organization\",\"@id\":\"https:\\\/\\\/romagnacomputer.com\\\/#organization\",\"name\":\"Romagna Computer S.r.l.\",\"url\":\"https:\\\/\\\/romagnacomputer.com\\\/\",\"logo\":{\"@type\":\"ImageObject\",\"inLanguage\":\"en-US\",\"@id\":\"https:\\\/\\\/romagnacomputer.com\\\/#\\\/schema\\\/logo\\\/image\\\/\",\"url\":\"https:\\\/\\\/romagnacomputer.com\\\/wp-content\\\/uploads\\\/2021\\\/10\\\/Romagna-Computer-Logo-x2.png\",\"contentUrl\":\"https:\\\/\\\/romagnacomputer.com\\\/wp-content\\\/uploads\\\/2021\\\/10\\\/Romagna-Computer-Logo-x2.png\",\"width\":350,\"height\":100,\"caption\":\"Romagna Computer S.r.l.\"},\"image\":{\"@id\":\"https:\\\/\\\/romagnacomputer.com\\\/#\\\/schema\\\/logo\\\/image\\\/\"},\"sameAs\":[\"https:\\\/\\\/www.facebook.com\\\/romagnacomputer\"]}]}<\/script>\n<!-- \/ Yoast SEO plugin. -->","yoast_head_json":{"title":"STAMPANTE PANTUM MFC LASER COLOR CM2100ADW A4 3IN1 20PPM GDI 512MB LCD STAMPA F\/R - Romagna Computer S.r.l.","robots":{"index":"index","follow":"follow","max-snippet":"max-snippet:-1","max-image-preview":"max-image-preview:large","max-video-preview":"max-video-preview:-1"},"canonical":"https:\/\/romagnacomputer.com\/prodotto\/stampante-pantum-mfc-laser-color-cm2100adw-a4-3in1-20ppm-gdi-512mb-lcd-stampa-f-r\/","og_locale":"en_US","og_type":"article","og_title":"STAMPANTE PANTUM MFC LASER COLOR CM2100ADW A4 3IN1 20PPM GDI 512MB LCD STAMPA F\/R - Romagna Computer S.r.l.","og_description":"Modello: CM2100ADW Stampa Velocit\u00e0 di stampa: &#8211; A4: 20 pagine al minuto Velocit\u00e0 di stampa fronte-retro: 6 pagine al minuto (A4\/LTR) Ora di uscita della prima stampa: &#8211; Monocromatico: 10 secondi &#8211; A colori: 12 secondi Linguaggio della stampante: GDI Velocit\u00e0 del processore: 500 MHz Memoria: DDR3L 512MB Disco rigido: SPINAND256MB Pannello di controllo: Touchscreen [&hellip;]","og_url":"https:\/\/romagnacomputer.com\/prodotto\/stampante-pantum-mfc-laser-color-cm2100adw-a4-3in1-20ppm-gdi-512mb-lcd-stampa-f-r\/","og_site_name":"Romagna Computer S.r.l.","article_publisher":"https:\/\/www.facebook.com\/romagnacomputer","article_modified_time":"2025-01-29T15:31:28+00:00","og_image":[{"width":400,"height":400,"url":"https:\/\/romagnacomputer.com\/wp-content\/uploads\/2024\/11\/80.400-1.jpg","type":"image\/jpeg"}],"twitter_card":"summary_large_image","twitter_misc":{"Est. reading time":"4 minutes"},"schema":{"@context":"https:\/\/schema.org","@graph":[{"@type":"WebPage","@id":"https:\/\/romagnacomputer.com\/prodotto\/stampante-pantum-mfc-laser-color-cm2100adw-a4-3in1-20ppm-gdi-512mb-lcd-stampa-f-r\/","url":"https:\/\/romagnacomputer.com\/prodotto\/stampante-pantum-mfc-laser-color-cm2100adw-a4-3in1-20ppm-gdi-512mb-lcd-stampa-f-r\/","name":"STAMPANTE PANTUM MFC LASER COLOR CM2100ADW A4 3IN1 20PPM GDI 512MB LCD STAMPA F\/R - Romagna Computer S.r.l.","isPartOf":{"@id":"https:\/\/romagnacomputer.com\/#website"},"primaryImageOfPage":{"@id":"https:\/\/romagnacomputer.com\/prodotto\/stampante-pantum-mfc-laser-color-cm2100adw-a4-3in1-20ppm-gdi-512mb-lcd-stampa-f-r\/#primaryimage"},"image":{"@id":"https:\/\/romagnacomputer.com\/prodotto\/stampante-pantum-mfc-laser-color-cm2100adw-a4-3in1-20ppm-gdi-512mb-lcd-stampa-f-r\/#primaryimage"},"thumbnailUrl":"https:\/\/romagnacomputer.com\/wp-content\/uploads\/2024\/11\/80.400-1.jpg","datePublished":"2024-11-18T14:38:48+00:00","dateModified":"2025-01-29T15:31:28+00:00","breadcrumb":{"@id":"https:\/\/romagnacomputer.com\/prodotto\/stampante-pantum-mfc-laser-color-cm2100adw-a4-3in1-20ppm-gdi-512mb-lcd-stampa-f-r\/#breadcrumb"},"inLanguage":"en-US","potentialAction":[{"@type":"ReadAction","target":["https:\/\/romagnacomputer.com\/prodotto\/stampante-pantum-mfc-laser-color-cm2100adw-a4-3in1-20ppm-gdi-512mb-lcd-stampa-f-r\/"]}]},{"@type":"ImageObject","inLanguage":"en-US","@id":"https:\/\/romagnacomputer.com\/prodotto\/stampante-pantum-mfc-laser-color-cm2100adw-a4-3in1-20ppm-gdi-512mb-lcd-stampa-f-r\/#primaryimage","url":"https:\/\/romagnacomputer.com\/wp-content\/uploads\/2024\/11\/80.400-1.jpg","contentUrl":"https:\/\/romagnacomputer.com\/wp-content\/uploads\/2024\/11\/80.400-1.jpg","width":400,"height":400},{"@type":"BreadcrumbList","@id":"https:\/\/romagnacomputer.com\/prodotto\/stampante-pantum-mfc-laser-color-cm2100adw-a4-3in1-20ppm-gdi-512mb-lcd-stampa-f-r\/#breadcrumb","itemListElement":[{"@type":"ListItem","position":1,"name":"Home","item":"https:\/\/romagnacomputer.com\/en\/home\/"},{"@type":"ListItem","position":2,"name":"Shop","item":"https:\/\/romagnacomputer.com\/en\/shop\/"},{"@type":"ListItem","position":3,"name":"STAMPANTE PANTUM MFC LASER COLOR CM2100ADW A4 3IN1 20PPM GDI 512MB LCD STAMPA F\/R"}]},{"@type":"WebSite","@id":"https:\/\/romagnacomputer.com\/#website","url":"https:\/\/romagnacomputer.com\/","name":"Romagna Computer S.r.l.","description":"Vendita Computer","publisher":{"@id":"https:\/\/romagnacomputer.com\/#organization"},"potentialAction":[{"@type":"SearchAction","target":{"@type":"EntryPoint","urlTemplate":"https:\/\/romagnacomputer.com\/?s={search_term_string}"},"query-input":{"@type":"PropertyValueSpecification","valueRequired":true,"valueName":"search_term_string"}}],"inLanguage":"en-US"},{"@type":"Organization","@id":"https:\/\/romagnacomputer.com\/#organization","name":"Romagna Computer S.r.l.","url":"https:\/\/romagnacomputer.com\/","logo":{"@type":"ImageObject","inLanguage":"en-US","@id":"https:\/\/romagnacomputer.com\/#\/schema\/logo\/image\/","url":"https:\/\/romagnacomputer.com\/wp-content\/uploads\/2021\/10\/Romagna-Computer-Logo-x2.png","contentUrl":"https:\/\/romagnacomputer.com\/wp-content\/uploads\/2021\/10\/Romagna-Computer-Logo-x2.png","width":350,"height":100,"caption":"Romagna Computer S.r.l."},"image":{"@id":"https:\/\/romagnacomputer.com\/#\/schema\/logo\/image\/"},"sameAs":["https:\/\/www.facebook.com\/romagnacomputer"]}]}},"_links":{"self":[{"href":"https:\/\/romagnacomputer.com\/en\/wp-json\/wp\/v2\/product\/3700","targetHints":{"allow":["GET"]}}],"collection":[{"href":"https:\/\/romagnacomputer.com\/en\/wp-json\/wp\/v2\/product"}],"about":[{"href":"https:\/\/romagnacomputer.com\/en\/wp-json\/wp\/v2\/types\/product"}],"replies":[{"embeddable":true,"href":"https:\/\/romagnacomputer.com\/en\/wp-json\/wp\/v2\/comments?post=3700"}],"wp:featuredmedia":[{"embeddable":true,"href":"https:\/\/romagnacomputer.com\/en\/wp-json\/wp\/v2\/media\/3707"}],"wp:attachment":[{"href":"https:\/\/romagnacomputer.com\/en\/wp-json\/wp\/v2\/media?parent=3700"}],"wp:term":[{"taxonomy":"product_brand","embeddable":true,"href":"https:\/\/romagnacomputer.com\/en\/wp-json\/wp\/v2\/product_brand?post=3700"},{"taxonomy":"product_cat","embeddable":true,"href":"https:\/\/romagnacomputer.com\/en\/wp-json\/wp\/v2\/product_cat?post=3700"},{"taxonomy":"product_tag","embeddable":true,"href":"https:\/\/romagnacomputer.com\/en\/wp-json\/wp\/v2\/product_tag?post=3700"}],"curies":[{"name":"wp","href":"https:\/\/api.w.org\/{rel}","templated":true}]}}