{"id":3713,"date":"2024-11-19T13:31:30","date_gmt":"2024-11-19T12:31:30","guid":{"rendered":"https:\/\/romagnacomputer.com\/?post_type=product&#038;p=3713"},"modified":"2026-04-15T11:09:45","modified_gmt":"2026-04-15T09:09:45","slug":"monitor-nero-hikvision-lcd-va-led-21-5-wide-frameless-5ms-fhd-30001-vga-hdmi-vesa","status":"publish","type":"product","link":"https:\/\/romagnacomputer.com\/en\/prodotto\/monitor-nero-hikvision-lcd-va-led-21-5-wide-frameless-5ms-fhd-30001-vga-hdmi-vesa\/","title":{"rendered":"MONITOR NERO HIKVISION LCD VA LED 21.5&#8243; WIDE FRAMELESS 5MS FHD 3000:1 VGA HDMI VESA"},"content":{"rendered":"<p><strong>MONITOR HIKVISION MODELLO DS-D5022F2-1V1<\/strong><\/p>\n<p><strong>Display<\/strong><br \/>\nDimensioni schermo: 21,45 pollici<br \/>\nArea display attiva: 478.656 \u00d7 260.280 mm<br \/>\nRisoluzione: 1920 \u00d7 1080<br \/>\nRetroilluminazione: E-LED<br \/>\nPixel Pitch: 0,241 \u00d7 0,241 mm<br \/>\nLuminosit\u00e0: 250 cd\/m\u00b2<br \/>\nAngolo di visione: 178\u00b0 (H)\/178\u00b0 (V)<br \/>\nProfondit\u00e0 colore: 8 bit, 16,7 M<br \/>\nRapporto di contrasto: 3000:1<br \/>\nTempo di risposta: 6,5 ms<br \/>\nFrequenza di aggiornamento: Max. 75 Hz, Tip. 60 Hz<br \/>\nFoschia: 25%, 3H<br \/>\nAffidabilit\u00e0: 7 \u00d7 16H<br \/>\nGamma di colori: 72% NTSC<\/p>\n<p><strong>Interfaccia<\/strong><br \/>\nIngresso video e audio: HDMI 1.4 \u00d7 1, VGA \u00d7 1<\/p>\n<p><strong>Alimentazione<\/strong><br \/>\nAlimentazione: DC 12V, 2.0A<br \/>\nConsumo energetico: \u2264 24W<br \/>\nConsumo in standby: \u2264 0.5W<\/p>\n<p><strong>Generale<\/strong><br \/>\nMateriale dell&#8217;involucro: plastica<br \/>\nVESA: 75 mm \u00d7 75 mm (4 &#8211; M4 \u00d7 6 mm)<br \/>\nLarghezza cornice: 2,38 mm (superiore\/sinistra\/destra), 21,55 mm (inferiore)<br \/>\nDimensioni prodotto (L \u00d7 A \u00d7 P):<br \/>\n&#8211; Con base: 493,26 \u00d7 393,45 \u00d7 185,74 mm<br \/>\n&#8211; Senza base: 493,26 \u00d7 290,13 \u00d7 42,35 mm<br \/>\nLa confezione comprende: Monitor \u00d7 1, Base componente \u00d7 1, Adattatore di alimentazione (12 V, 2,0 A) \u00d7 1, Cavo HDMI (1,5 m) \u00d7 1, Manuale utente \u00d7 1, Manuale multilingue \u00d7 1<\/p>\n","protected":false},"excerpt":{"rendered":"<p>MONITOR NERO 21,5\u2033 1080P, INGRESSO HDMI\/VGA, ANGOLO DI VISIONE: 178\u00b0\/178\u00b0, VESA, STAFFA DI BASE INCLUSA<\/p>\n","protected":false},"featured_media":3714,"comment_status":"open","ping_status":"closed","template":"","meta":[],"product_brand":[],"product_cat":[105],"product_tag":[],"class_list":{"0":"post-3713","1":"product","2":"type-product","3":"status-publish","4":"has-post-thumbnail","6":"product_cat-monitor","8":"first","9":"instock","10":"sale","11":"shipping-taxable","12":"purchasable","13":"product-type-simple"},"yoast_head":"<!-- This site is optimized with the Yoast SEO plugin v27.6 - https:\/\/yoast.com\/product\/yoast-seo-wordpress\/ -->\n<title>MONITOR NERO HIKVISION LCD VA LED 21.5&quot; WIDE FRAMELESS 5MS FHD 3000:1 VGA HDMI VESA - Romagna Computer S.r.l.<\/title>\n<meta name=\"robots\" content=\"index, follow, max-snippet:-1, max-image-preview:large, max-video-preview:-1\" \/>\n<link rel=\"canonical\" href=\"https:\/\/romagnacomputer.com\/prodotto\/monitor-nero-hikvision-lcd-va-led-21-5-wide-frameless-5ms-fhd-30001-vga-hdmi-vesa\/\" \/>\n<meta property=\"og:locale\" content=\"en_US\" \/>\n<meta property=\"og:type\" content=\"article\" \/>\n<meta property=\"og:title\" content=\"MONITOR NERO HIKVISION LCD VA LED 21.5&quot; WIDE FRAMELESS 5MS FHD 3000:1 VGA HDMI VESA - Romagna Computer S.r.l.\" \/>\n<meta property=\"og:description\" content=\"MONITOR NERO 21,5\u2033 1080P, INGRESSO HDMI\/VGA, ANGOLO DI VISIONE: 178\u00b0\/178\u00b0, VESA, STAFFA DI BASE INCLUSA\" \/>\n<meta property=\"og:url\" content=\"https:\/\/romagnacomputer.com\/prodotto\/monitor-nero-hikvision-lcd-va-led-21-5-wide-frameless-5ms-fhd-30001-vga-hdmi-vesa\/\" \/>\n<meta property=\"og:site_name\" content=\"Romagna Computer S.r.l.\" \/>\n<meta property=\"article:publisher\" content=\"https:\/\/www.facebook.com\/romagnacomputer\" \/>\n<meta property=\"article:modified_time\" content=\"2026-04-15T09:09:45+00:00\" \/>\n<meta property=\"og:image\" content=\"https:\/\/romagnacomputer.com\/wp-content\/uploads\/2024\/11\/DS-D5022F2-1V1_image_1.jpg\" \/>\n\t<meta property=\"og:image:width\" content=\"800\" \/>\n\t<meta property=\"og:image:height\" content=\"450\" \/>\n\t<meta property=\"og:image:type\" content=\"image\/jpeg\" \/>\n<meta name=\"twitter:card\" content=\"summary_large_image\" \/>\n<meta name=\"twitter:label1\" content=\"Est. reading time\" \/>\n\t<meta name=\"twitter:data1\" content=\"2 minutes\" \/>\n<script type=\"application\/ld+json\" class=\"yoast-schema-graph\">{\"@context\":\"https:\\\/\\\/schema.org\",\"@graph\":[{\"@type\":\"WebPage\",\"@id\":\"https:\\\/\\\/romagnacomputer.com\\\/prodotto\\\/monitor-nero-hikvision-lcd-va-led-21-5-wide-frameless-5ms-fhd-30001-vga-hdmi-vesa\\\/\",\"url\":\"https:\\\/\\\/romagnacomputer.com\\\/prodotto\\\/monitor-nero-hikvision-lcd-va-led-21-5-wide-frameless-5ms-fhd-30001-vga-hdmi-vesa\\\/\",\"name\":\"MONITOR NERO HIKVISION LCD VA LED 21.5\\\" WIDE FRAMELESS 5MS FHD 3000:1 VGA HDMI VESA - Romagna Computer S.r.l.\",\"isPartOf\":{\"@id\":\"https:\\\/\\\/romagnacomputer.com\\\/#website\"},\"primaryImageOfPage\":{\"@id\":\"https:\\\/\\\/romagnacomputer.com\\\/prodotto\\\/monitor-nero-hikvision-lcd-va-led-21-5-wide-frameless-5ms-fhd-30001-vga-hdmi-vesa\\\/#primaryimage\"},\"image\":{\"@id\":\"https:\\\/\\\/romagnacomputer.com\\\/prodotto\\\/monitor-nero-hikvision-lcd-va-led-21-5-wide-frameless-5ms-fhd-30001-vga-hdmi-vesa\\\/#primaryimage\"},\"thumbnailUrl\":\"https:\\\/\\\/romagnacomputer.com\\\/wp-content\\\/uploads\\\/2024\\\/11\\\/DS-D5022F2-1V1_image_1.jpg\",\"datePublished\":\"2024-11-19T12:31:30+00:00\",\"dateModified\":\"2026-04-15T09:09:45+00:00\",\"breadcrumb\":{\"@id\":\"https:\\\/\\\/romagnacomputer.com\\\/prodotto\\\/monitor-nero-hikvision-lcd-va-led-21-5-wide-frameless-5ms-fhd-30001-vga-hdmi-vesa\\\/#breadcrumb\"},\"inLanguage\":\"en-US\",\"potentialAction\":[{\"@type\":\"ReadAction\",\"target\":[\"https:\\\/\\\/romagnacomputer.com\\\/prodotto\\\/monitor-nero-hikvision-lcd-va-led-21-5-wide-frameless-5ms-fhd-30001-vga-hdmi-vesa\\\/\"]}]},{\"@type\":\"ImageObject\",\"inLanguage\":\"en-US\",\"@id\":\"https:\\\/\\\/romagnacomputer.com\\\/prodotto\\\/monitor-nero-hikvision-lcd-va-led-21-5-wide-frameless-5ms-fhd-30001-vga-hdmi-vesa\\\/#primaryimage\",\"url\":\"https:\\\/\\\/romagnacomputer.com\\\/wp-content\\\/uploads\\\/2024\\\/11\\\/DS-D5022F2-1V1_image_1.jpg\",\"contentUrl\":\"https:\\\/\\\/romagnacomputer.com\\\/wp-content\\\/uploads\\\/2024\\\/11\\\/DS-D5022F2-1V1_image_1.jpg\",\"width\":800,\"height\":450},{\"@type\":\"BreadcrumbList\",\"@id\":\"https:\\\/\\\/romagnacomputer.com\\\/prodotto\\\/monitor-nero-hikvision-lcd-va-led-21-5-wide-frameless-5ms-fhd-30001-vga-hdmi-vesa\\\/#breadcrumb\",\"itemListElement\":[{\"@type\":\"ListItem\",\"position\":1,\"name\":\"Home\",\"item\":\"https:\\\/\\\/romagnacomputer.com\\\/en\\\/home\\\/\"},{\"@type\":\"ListItem\",\"position\":2,\"name\":\"Shop\",\"item\":\"https:\\\/\\\/romagnacomputer.com\\\/en\\\/shop\\\/\"},{\"@type\":\"ListItem\",\"position\":3,\"name\":\"MONITOR NERO HIKVISION LCD VA LED 21.5&#8243; WIDE FRAMELESS 5MS FHD 3000:1 VGA HDMI VESA\"}]},{\"@type\":\"WebSite\",\"@id\":\"https:\\\/\\\/romagnacomputer.com\\\/#website\",\"url\":\"https:\\\/\\\/romagnacomputer.com\\\/\",\"name\":\"Romagna Computer S.r.l.\",\"description\":\"Vendita Computer\",\"publisher\":{\"@id\":\"https:\\\/\\\/romagnacomputer.com\\\/#organization\"},\"potentialAction\":[{\"@type\":\"SearchAction\",\"target\":{\"@type\":\"EntryPoint\",\"urlTemplate\":\"https:\\\/\\\/romagnacomputer.com\\\/?s={search_term_string}\"},\"query-input\":{\"@type\":\"PropertyValueSpecification\",\"valueRequired\":true,\"valueName\":\"search_term_string\"}}],\"inLanguage\":\"en-US\"},{\"@type\":\"Organization\",\"@id\":\"https:\\\/\\\/romagnacomputer.com\\\/#organization\",\"name\":\"Romagna Computer S.r.l.\",\"url\":\"https:\\\/\\\/romagnacomputer.com\\\/\",\"logo\":{\"@type\":\"ImageObject\",\"inLanguage\":\"en-US\",\"@id\":\"https:\\\/\\\/romagnacomputer.com\\\/#\\\/schema\\\/logo\\\/image\\\/\",\"url\":\"https:\\\/\\\/romagnacomputer.com\\\/wp-content\\\/uploads\\\/2021\\\/10\\\/Romagna-Computer-Logo-x2.png\",\"contentUrl\":\"https:\\\/\\\/romagnacomputer.com\\\/wp-content\\\/uploads\\\/2021\\\/10\\\/Romagna-Computer-Logo-x2.png\",\"width\":350,\"height\":100,\"caption\":\"Romagna Computer S.r.l.\"},\"image\":{\"@id\":\"https:\\\/\\\/romagnacomputer.com\\\/#\\\/schema\\\/logo\\\/image\\\/\"},\"sameAs\":[\"https:\\\/\\\/www.facebook.com\\\/romagnacomputer\"]}]}<\/script>\n<!-- \/ Yoast SEO plugin. -->","yoast_head_json":{"title":"MONITOR NERO HIKVISION LCD VA LED 21.5\" WIDE FRAMELESS 5MS FHD 3000:1 VGA HDMI VESA - Romagna Computer S.r.l.","robots":{"index":"index","follow":"follow","max-snippet":"max-snippet:-1","max-image-preview":"max-image-preview:large","max-video-preview":"max-video-preview:-1"},"canonical":"https:\/\/romagnacomputer.com\/prodotto\/monitor-nero-hikvision-lcd-va-led-21-5-wide-frameless-5ms-fhd-30001-vga-hdmi-vesa\/","og_locale":"en_US","og_type":"article","og_title":"MONITOR NERO HIKVISION LCD VA LED 21.5\" WIDE FRAMELESS 5MS FHD 3000:1 VGA HDMI VESA - Romagna Computer S.r.l.","og_description":"MONITOR NERO 21,5\u2033 1080P, INGRESSO HDMI\/VGA, ANGOLO DI VISIONE: 178\u00b0\/178\u00b0, VESA, STAFFA DI BASE INCLUSA","og_url":"https:\/\/romagnacomputer.com\/prodotto\/monitor-nero-hikvision-lcd-va-led-21-5-wide-frameless-5ms-fhd-30001-vga-hdmi-vesa\/","og_site_name":"Romagna Computer S.r.l.","article_publisher":"https:\/\/www.facebook.com\/romagnacomputer","article_modified_time":"2026-04-15T09:09:45+00:00","og_image":[{"width":800,"height":450,"url":"https:\/\/romagnacomputer.com\/wp-content\/uploads\/2024\/11\/DS-D5022F2-1V1_image_1.jpg","type":"image\/jpeg"}],"twitter_card":"summary_large_image","twitter_misc":{"Est. reading time":"2 minutes"},"schema":{"@context":"https:\/\/schema.org","@graph":[{"@type":"WebPage","@id":"https:\/\/romagnacomputer.com\/prodotto\/monitor-nero-hikvision-lcd-va-led-21-5-wide-frameless-5ms-fhd-30001-vga-hdmi-vesa\/","url":"https:\/\/romagnacomputer.com\/prodotto\/monitor-nero-hikvision-lcd-va-led-21-5-wide-frameless-5ms-fhd-30001-vga-hdmi-vesa\/","name":"MONITOR NERO HIKVISION LCD VA LED 21.5\" WIDE FRAMELESS 5MS FHD 3000:1 VGA HDMI VESA - Romagna Computer S.r.l.","isPartOf":{"@id":"https:\/\/romagnacomputer.com\/#website"},"primaryImageOfPage":{"@id":"https:\/\/romagnacomputer.com\/prodotto\/monitor-nero-hikvision-lcd-va-led-21-5-wide-frameless-5ms-fhd-30001-vga-hdmi-vesa\/#primaryimage"},"image":{"@id":"https:\/\/romagnacomputer.com\/prodotto\/monitor-nero-hikvision-lcd-va-led-21-5-wide-frameless-5ms-fhd-30001-vga-hdmi-vesa\/#primaryimage"},"thumbnailUrl":"https:\/\/romagnacomputer.com\/wp-content\/uploads\/2024\/11\/DS-D5022F2-1V1_image_1.jpg","datePublished":"2024-11-19T12:31:30+00:00","dateModified":"2026-04-15T09:09:45+00:00","breadcrumb":{"@id":"https:\/\/romagnacomputer.com\/prodotto\/monitor-nero-hikvision-lcd-va-led-21-5-wide-frameless-5ms-fhd-30001-vga-hdmi-vesa\/#breadcrumb"},"inLanguage":"en-US","potentialAction":[{"@type":"ReadAction","target":["https:\/\/romagnacomputer.com\/prodotto\/monitor-nero-hikvision-lcd-va-led-21-5-wide-frameless-5ms-fhd-30001-vga-hdmi-vesa\/"]}]},{"@type":"ImageObject","inLanguage":"en-US","@id":"https:\/\/romagnacomputer.com\/prodotto\/monitor-nero-hikvision-lcd-va-led-21-5-wide-frameless-5ms-fhd-30001-vga-hdmi-vesa\/#primaryimage","url":"https:\/\/romagnacomputer.com\/wp-content\/uploads\/2024\/11\/DS-D5022F2-1V1_image_1.jpg","contentUrl":"https:\/\/romagnacomputer.com\/wp-content\/uploads\/2024\/11\/DS-D5022F2-1V1_image_1.jpg","width":800,"height":450},{"@type":"BreadcrumbList","@id":"https:\/\/romagnacomputer.com\/prodotto\/monitor-nero-hikvision-lcd-va-led-21-5-wide-frameless-5ms-fhd-30001-vga-hdmi-vesa\/#breadcrumb","itemListElement":[{"@type":"ListItem","position":1,"name":"Home","item":"https:\/\/romagnacomputer.com\/en\/home\/"},{"@type":"ListItem","position":2,"name":"Shop","item":"https:\/\/romagnacomputer.com\/en\/shop\/"},{"@type":"ListItem","position":3,"name":"MONITOR NERO HIKVISION LCD VA LED 21.5&#8243; WIDE FRAMELESS 5MS FHD 3000:1 VGA HDMI VESA"}]},{"@type":"WebSite","@id":"https:\/\/romagnacomputer.com\/#website","url":"https:\/\/romagnacomputer.com\/","name":"Romagna Computer S.r.l.","description":"Vendita Computer","publisher":{"@id":"https:\/\/romagnacomputer.com\/#organization"},"potentialAction":[{"@type":"SearchAction","target":{"@type":"EntryPoint","urlTemplate":"https:\/\/romagnacomputer.com\/?s={search_term_string}"},"query-input":{"@type":"PropertyValueSpecification","valueRequired":true,"valueName":"search_term_string"}}],"inLanguage":"en-US"},{"@type":"Organization","@id":"https:\/\/romagnacomputer.com\/#organization","name":"Romagna Computer S.r.l.","url":"https:\/\/romagnacomputer.com\/","logo":{"@type":"ImageObject","inLanguage":"en-US","@id":"https:\/\/romagnacomputer.com\/#\/schema\/logo\/image\/","url":"https:\/\/romagnacomputer.com\/wp-content\/uploads\/2021\/10\/Romagna-Computer-Logo-x2.png","contentUrl":"https:\/\/romagnacomputer.com\/wp-content\/uploads\/2021\/10\/Romagna-Computer-Logo-x2.png","width":350,"height":100,"caption":"Romagna Computer S.r.l."},"image":{"@id":"https:\/\/romagnacomputer.com\/#\/schema\/logo\/image\/"},"sameAs":["https:\/\/www.facebook.com\/romagnacomputer"]}]}},"_links":{"self":[{"href":"https:\/\/romagnacomputer.com\/en\/wp-json\/wp\/v2\/product\/3713","targetHints":{"allow":["GET"]}}],"collection":[{"href":"https:\/\/romagnacomputer.com\/en\/wp-json\/wp\/v2\/product"}],"about":[{"href":"https:\/\/romagnacomputer.com\/en\/wp-json\/wp\/v2\/types\/product"}],"replies":[{"embeddable":true,"href":"https:\/\/romagnacomputer.com\/en\/wp-json\/wp\/v2\/comments?post=3713"}],"wp:featuredmedia":[{"embeddable":true,"href":"https:\/\/romagnacomputer.com\/en\/wp-json\/wp\/v2\/media\/3714"}],"wp:attachment":[{"href":"https:\/\/romagnacomputer.com\/en\/wp-json\/wp\/v2\/media?parent=3713"}],"wp:term":[{"taxonomy":"product_brand","embeddable":true,"href":"https:\/\/romagnacomputer.com\/en\/wp-json\/wp\/v2\/product_brand?post=3713"},{"taxonomy":"product_cat","embeddable":true,"href":"https:\/\/romagnacomputer.com\/en\/wp-json\/wp\/v2\/product_cat?post=3713"},{"taxonomy":"product_tag","embeddable":true,"href":"https:\/\/romagnacomputer.com\/en\/wp-json\/wp\/v2\/product_tag?post=3713"}],"curies":[{"name":"wp","href":"https:\/\/api.w.org\/{rel}","templated":true}]}}