{"id":3904,"date":"2025-01-28T15:13:33","date_gmt":"2025-01-28T14:13:33","guid":{"rendered":"https:\/\/romagnacomputer.com\/?post_type=product&#038;p=3904"},"modified":"2025-10-22T08:43:55","modified_gmt":"2025-10-22T06:43:55","slug":"stampante-multifunzione-pantum-laser-m7100dw-a4-3in1-33ppm-stampa-f-r-adf-pcl-ps-usb-lan-wifi","status":"publish","type":"product","link":"https:\/\/romagnacomputer.com\/en\/prodotto\/stampante-multifunzione-pantum-laser-m7100dw-a4-3in1-33ppm-stampa-f-r-adf-pcl-ps-usb-lan-wifi\/","title":{"rendered":"STAMPANTE MULTIFUNZIONE PANTUM LASER M7100DW A4 3IN1 33PPM STAMPA F\/R, ADF PCL PS USB LAN WIFI"},"content":{"rendered":"<p><strong>Modello<\/strong>: M7100DW<\/p>\n<p><strong>Stampa<\/strong><br \/>\nVelocit\u00e0 di stampa: 33 ppm (A4), 35 ppm (Letter)<br \/>\nTempo di uscita prima stampa: \u22648.2s<br \/>\nVolume pagine mensili consigliato: da 750 a 3,500 pagine<br \/>\nCiclo di lavoro mensile massimo: 60,000 pagine<br \/>\nLinguaggio stampante: PCL5e, PCL6, PS3, PDF<br \/>\nVelocit\u00e0 del processore: 525MHz<br \/>\nMemoria: 256MB<br \/>\nStampa duplex automatica: S\u00ec<br \/>\nRete: S\u00ec<br \/>\nWi-Fi: S\u00ec<br \/>\nNFC: S\u00ec<\/p>\n<p><strong>Copia<\/strong><br \/>\nVelocit\u00e0 di copia: 33 ppm (A4), 35 ppm (Letter)<br \/>\nTempo di uscita della prima copia: Lastra piana: meno di 10 secondi<br \/>\nADF: meno di 11 secondi<br \/>\nNumero massimo di pagine di copia: 99 pagine<br \/>\nImpostazioni riduzione\/ingrandimento copia: 25% ~ 400%<br \/>\nCaratteristiche speciali copia: ID copia, ricevuta copia, copia N-up, copia clone, copia poster, copia duplex manuale, copia fascicolata<\/p>\n<p><strong>Scansiona<\/strong><br \/>\nTipo di scanner: Lastra piana + ADF<br \/>\nCapacit\u00e0 ADF: 50 pagine<br \/>\nVelocit\u00e0 di scansione: 24 ppm (A4), 25 ppm (Letter)<br \/>\nDimensione massima della scansione: Lastra piana: 216\u00d7297 mm, ADF: 216\u00d7356 mm<br \/>\nScansione colore: S\u00ec<br \/>\nDestinazioni di scansione: Scansione su PC, e-mail, FTP, Thumb drive, App (iOS\/Android)<\/p>\n<p><strong>Gestione della carta<\/strong><br \/>\nVassoio di alimentazione carta: 250 pagine<br \/>\nVassoio multiuso: 1 pagine<br \/>\nVassoio di uscita carta: 150 pagine (A4\/70g)<br \/>\nTipi di supporti: Carta (comune, spessa, sottile), lucidi, cartoncino, etichette<br \/>\nDimensioni dei supporti: A4, A5, JIS B5, IS0 B5, A6, Letter, Legal, Executive, Folio, Oficio, Statement, Japanese Postcard, Monarch Env, DL Env, C5 Env, C6 Env, No.10 Env, ZL, Big 16K, Big 32K, 16K, 32K, B6, Yougata4, Postcard, Younaga3, Nagagata3, Yougata2<br \/>\nPeso del supporto: Vassoio standard: 60-105g<br \/>\nVassoio multiuso: 60-200g<\/p>\n<p><strong>Altro<\/strong><br \/>\nDimensioni (L\u00d7P\u00d7A): 415\u00d7365\u00d7350mm<br \/>\nPeso (senza cartuccia): 11.29kg<br \/>\nIntervallo temperatura operativa: Temperatura consigliata: 10 ~ 32\u00b0C<br \/>\nIntervallo umidit\u00e0: 20% ~ 80%<br \/>\nTensione di ingresso: 110V: AC100-127V (\u00b110%), 50\/60Hz (\u00b12Hz), 9A<br \/>\n220V: AC220-240V (-15%\u00ef\u00bc\u0152\u00ef\u00bc\u203910%), 50\/60Hz (\u00b12Hz)\u00ef\u00bc\u01524.5A<br \/>\nRumore: Pronta \u226430dB (A); Stampa \u226452dB (A); Scansione \u226452dB (A); Copia \u226454dB (A)<br \/>\nConsumo di energia: Medio in stampa: \u2264550W<br \/>\nPronta: \u226450W<br \/>\nSleep: \u22642W<br \/>\nCompatibilit\u00e0 sistema operativo: Microsoft Windows Server 2008, 2012, 2016, 2019, XP, Vista, Win 7, Win 8, Win8.1, Win10, Win11, Mac OS10.10, 10.11, 10.12, 10.13, 10.14, 10.15, 11.0, 11.1, 11.2, 11.3, 11.4, 11.5, 11.6, 12, Linux (Ubuntu12.04, 14.04, 16.04, 18.04, 20.04, 22.04)<br \/>\nInterfaccia: HI-Speed USB 2.0, Net: IEEE 802.3 10\/100Base-Tx, WiFi: IEEE 802.11b\/g\/n\u00ef\u00bc\u203a<\/p>\n<p><strong>Consumabili<\/strong><br \/>\nStile cartuccia: Cartuccia toner e unit\u00e0 tamburo<br \/>\nCartuccia di avviamento: 1,500 pagine<br \/>\nUnit\u00e0 tamburo di avviamento: 12000 pagine<br \/>\nCartuccia standard: TL-410 (1,500 pagine), TL-410H (3,000 pagine), TL-410X (6,000 pagine)<br \/>\nUnit\u00e0 tamburo standard: DL-410 (12,000 pagine)<\/p>\n","protected":false},"excerpt":{"rendered":"<p>Modello: M7100DW Stampa Velocit\u00e0 di stampa: 33 ppm (A4), 35 ppm (Letter) Tempo di uscita prima stampa: \u22648.2s Volume pagine mensili consigliato: da 750 a 3,500 pagine Ciclo di lavoro mensile massimo: 60,000 pagine Linguaggio stampante: PCL5e, PCL6, PS3, PDF Velocit\u00e0 del processore: 525MHz Memoria: 256MB Stampa duplex automatica: S\u00ec Rete: S\u00ec Wi-Fi: S\u00ec NFC: [&hellip;]<\/p>\n","protected":false},"featured_media":3905,"comment_status":"open","ping_status":"closed","template":"","meta":[],"product_brand":[],"product_cat":[400,389],"product_tag":[],"class_list":{"0":"post-3904","1":"product","2":"type-product","3":"status-publish","4":"has-post-thumbnail","6":"product_cat-stampanti-multifunzione-laser-monocromatiche","7":"product_cat-stampanti","9":"first","10":"instock","11":"shipping-taxable","12":"purchasable","13":"product-type-simple"},"yoast_head":"<!-- This site is optimized with the Yoast SEO plugin v27.6 - https:\/\/yoast.com\/product\/yoast-seo-wordpress\/ -->\n<title>STAMPANTE MULTIFUNZIONE PANTUM LASER M7100DW A4 3IN1 33PPM STAMPA F\/R, ADF PCL PS USB LAN WIFI - Romagna Computer S.r.l.<\/title>\n<meta name=\"robots\" content=\"index, follow, max-snippet:-1, max-image-preview:large, max-video-preview:-1\" \/>\n<link rel=\"canonical\" href=\"https:\/\/romagnacomputer.com\/prodotto\/stampante-multifunzione-pantum-laser-m7100dw-a4-3in1-33ppm-stampa-f-r-adf-pcl-ps-usb-lan-wifi\/\" \/>\n<meta property=\"og:locale\" content=\"en_US\" \/>\n<meta property=\"og:type\" content=\"article\" \/>\n<meta property=\"og:title\" content=\"STAMPANTE MULTIFUNZIONE PANTUM LASER M7100DW A4 3IN1 33PPM STAMPA F\/R, ADF PCL PS USB LAN WIFI - Romagna Computer S.r.l.\" \/>\n<meta property=\"og:description\" content=\"Modello: M7100DW Stampa Velocit\u00e0 di stampa: 33 ppm (A4), 35 ppm (Letter) Tempo di uscita prima stampa: \u22648.2s Volume pagine mensili consigliato: da 750 a 3,500 pagine Ciclo di lavoro mensile massimo: 60,000 pagine Linguaggio stampante: PCL5e, PCL6, PS3, PDF Velocit\u00e0 del processore: 525MHz Memoria: 256MB Stampa duplex automatica: S\u00ec Rete: S\u00ec Wi-Fi: S\u00ec NFC: [&hellip;]\" \/>\n<meta property=\"og:url\" content=\"https:\/\/romagnacomputer.com\/prodotto\/stampante-multifunzione-pantum-laser-m7100dw-a4-3in1-33ppm-stampa-f-r-adf-pcl-ps-usb-lan-wifi\/\" \/>\n<meta property=\"og:site_name\" content=\"Romagna Computer S.r.l.\" \/>\n<meta property=\"article:publisher\" content=\"https:\/\/www.facebook.com\/romagnacomputer\" \/>\n<meta property=\"article:modified_time\" content=\"2025-10-22T06:43:55+00:00\" \/>\n<meta property=\"og:image\" content=\"https:\/\/romagnacomputer.com\/wp-content\/uploads\/2025\/01\/M7100DW.jpg\" \/>\n\t<meta property=\"og:image:width\" content=\"1200\" \/>\n\t<meta property=\"og:image:height\" content=\"1200\" \/>\n\t<meta property=\"og:image:type\" content=\"image\/jpeg\" \/>\n<meta name=\"twitter:card\" content=\"summary_large_image\" \/>\n<meta name=\"twitter:label1\" content=\"Est. reading time\" \/>\n\t<meta name=\"twitter:data1\" content=\"3 minutes\" \/>\n<script type=\"application\/ld+json\" class=\"yoast-schema-graph\">{\"@context\":\"https:\\\/\\\/schema.org\",\"@graph\":[{\"@type\":\"WebPage\",\"@id\":\"https:\\\/\\\/romagnacomputer.com\\\/prodotto\\\/stampante-multifunzione-pantum-laser-m7100dw-a4-3in1-33ppm-stampa-f-r-adf-pcl-ps-usb-lan-wifi\\\/\",\"url\":\"https:\\\/\\\/romagnacomputer.com\\\/prodotto\\\/stampante-multifunzione-pantum-laser-m7100dw-a4-3in1-33ppm-stampa-f-r-adf-pcl-ps-usb-lan-wifi\\\/\",\"name\":\"STAMPANTE MULTIFUNZIONE PANTUM LASER M7100DW A4 3IN1 33PPM STAMPA F\\\/R, ADF PCL PS USB LAN WIFI - Romagna Computer S.r.l.\",\"isPartOf\":{\"@id\":\"https:\\\/\\\/romagnacomputer.com\\\/#website\"},\"primaryImageOfPage\":{\"@id\":\"https:\\\/\\\/romagnacomputer.com\\\/prodotto\\\/stampante-multifunzione-pantum-laser-m7100dw-a4-3in1-33ppm-stampa-f-r-adf-pcl-ps-usb-lan-wifi\\\/#primaryimage\"},\"image\":{\"@id\":\"https:\\\/\\\/romagnacomputer.com\\\/prodotto\\\/stampante-multifunzione-pantum-laser-m7100dw-a4-3in1-33ppm-stampa-f-r-adf-pcl-ps-usb-lan-wifi\\\/#primaryimage\"},\"thumbnailUrl\":\"https:\\\/\\\/romagnacomputer.com\\\/wp-content\\\/uploads\\\/2025\\\/01\\\/M7100DW.jpg\",\"datePublished\":\"2025-01-28T14:13:33+00:00\",\"dateModified\":\"2025-10-22T06:43:55+00:00\",\"breadcrumb\":{\"@id\":\"https:\\\/\\\/romagnacomputer.com\\\/prodotto\\\/stampante-multifunzione-pantum-laser-m7100dw-a4-3in1-33ppm-stampa-f-r-adf-pcl-ps-usb-lan-wifi\\\/#breadcrumb\"},\"inLanguage\":\"en-US\",\"potentialAction\":[{\"@type\":\"ReadAction\",\"target\":[\"https:\\\/\\\/romagnacomputer.com\\\/prodotto\\\/stampante-multifunzione-pantum-laser-m7100dw-a4-3in1-33ppm-stampa-f-r-adf-pcl-ps-usb-lan-wifi\\\/\"]}]},{\"@type\":\"ImageObject\",\"inLanguage\":\"en-US\",\"@id\":\"https:\\\/\\\/romagnacomputer.com\\\/prodotto\\\/stampante-multifunzione-pantum-laser-m7100dw-a4-3in1-33ppm-stampa-f-r-adf-pcl-ps-usb-lan-wifi\\\/#primaryimage\",\"url\":\"https:\\\/\\\/romagnacomputer.com\\\/wp-content\\\/uploads\\\/2025\\\/01\\\/M7100DW.jpg\",\"contentUrl\":\"https:\\\/\\\/romagnacomputer.com\\\/wp-content\\\/uploads\\\/2025\\\/01\\\/M7100DW.jpg\",\"width\":1200,\"height\":1200},{\"@type\":\"BreadcrumbList\",\"@id\":\"https:\\\/\\\/romagnacomputer.com\\\/prodotto\\\/stampante-multifunzione-pantum-laser-m7100dw-a4-3in1-33ppm-stampa-f-r-adf-pcl-ps-usb-lan-wifi\\\/#breadcrumb\",\"itemListElement\":[{\"@type\":\"ListItem\",\"position\":1,\"name\":\"Home\",\"item\":\"https:\\\/\\\/romagnacomputer.com\\\/en\\\/home\\\/\"},{\"@type\":\"ListItem\",\"position\":2,\"name\":\"Shop\",\"item\":\"https:\\\/\\\/romagnacomputer.com\\\/en\\\/shop\\\/\"},{\"@type\":\"ListItem\",\"position\":3,\"name\":\"STAMPANTE MULTIFUNZIONE PANTUM LASER M7100DW A4 3IN1 33PPM STAMPA F\\\/R, ADF PCL PS USB LAN WIFI\"}]},{\"@type\":\"WebSite\",\"@id\":\"https:\\\/\\\/romagnacomputer.com\\\/#website\",\"url\":\"https:\\\/\\\/romagnacomputer.com\\\/\",\"name\":\"Romagna Computer S.r.l.\",\"description\":\"Vendita Computer\",\"publisher\":{\"@id\":\"https:\\\/\\\/romagnacomputer.com\\\/#organization\"},\"potentialAction\":[{\"@type\":\"SearchAction\",\"target\":{\"@type\":\"EntryPoint\",\"urlTemplate\":\"https:\\\/\\\/romagnacomputer.com\\\/?s={search_term_string}\"},\"query-input\":{\"@type\":\"PropertyValueSpecification\",\"valueRequired\":true,\"valueName\":\"search_term_string\"}}],\"inLanguage\":\"en-US\"},{\"@type\":\"Organization\",\"@id\":\"https:\\\/\\\/romagnacomputer.com\\\/#organization\",\"name\":\"Romagna Computer S.r.l.\",\"url\":\"https:\\\/\\\/romagnacomputer.com\\\/\",\"logo\":{\"@type\":\"ImageObject\",\"inLanguage\":\"en-US\",\"@id\":\"https:\\\/\\\/romagnacomputer.com\\\/#\\\/schema\\\/logo\\\/image\\\/\",\"url\":\"https:\\\/\\\/romagnacomputer.com\\\/wp-content\\\/uploads\\\/2021\\\/10\\\/Romagna-Computer-Logo-x2.png\",\"contentUrl\":\"https:\\\/\\\/romagnacomputer.com\\\/wp-content\\\/uploads\\\/2021\\\/10\\\/Romagna-Computer-Logo-x2.png\",\"width\":350,\"height\":100,\"caption\":\"Romagna Computer S.r.l.\"},\"image\":{\"@id\":\"https:\\\/\\\/romagnacomputer.com\\\/#\\\/schema\\\/logo\\\/image\\\/\"},\"sameAs\":[\"https:\\\/\\\/www.facebook.com\\\/romagnacomputer\"]}]}<\/script>\n<!-- \/ Yoast SEO plugin. -->","yoast_head_json":{"title":"STAMPANTE MULTIFUNZIONE PANTUM LASER M7100DW A4 3IN1 33PPM STAMPA F\/R, ADF PCL PS USB LAN WIFI - Romagna Computer S.r.l.","robots":{"index":"index","follow":"follow","max-snippet":"max-snippet:-1","max-image-preview":"max-image-preview:large","max-video-preview":"max-video-preview:-1"},"canonical":"https:\/\/romagnacomputer.com\/prodotto\/stampante-multifunzione-pantum-laser-m7100dw-a4-3in1-33ppm-stampa-f-r-adf-pcl-ps-usb-lan-wifi\/","og_locale":"en_US","og_type":"article","og_title":"STAMPANTE MULTIFUNZIONE PANTUM LASER M7100DW A4 3IN1 33PPM STAMPA F\/R, ADF PCL PS USB LAN WIFI - Romagna Computer S.r.l.","og_description":"Modello: M7100DW Stampa Velocit\u00e0 di stampa: 33 ppm (A4), 35 ppm (Letter) Tempo di uscita prima stampa: \u22648.2s Volume pagine mensili consigliato: da 750 a 3,500 pagine Ciclo di lavoro mensile massimo: 60,000 pagine Linguaggio stampante: PCL5e, PCL6, PS3, PDF Velocit\u00e0 del processore: 525MHz Memoria: 256MB Stampa duplex automatica: S\u00ec Rete: S\u00ec Wi-Fi: S\u00ec NFC: [&hellip;]","og_url":"https:\/\/romagnacomputer.com\/prodotto\/stampante-multifunzione-pantum-laser-m7100dw-a4-3in1-33ppm-stampa-f-r-adf-pcl-ps-usb-lan-wifi\/","og_site_name":"Romagna Computer S.r.l.","article_publisher":"https:\/\/www.facebook.com\/romagnacomputer","article_modified_time":"2025-10-22T06:43:55+00:00","og_image":[{"width":1200,"height":1200,"url":"https:\/\/romagnacomputer.com\/wp-content\/uploads\/2025\/01\/M7100DW.jpg","type":"image\/jpeg"}],"twitter_card":"summary_large_image","twitter_misc":{"Est. reading time":"3 minutes"},"schema":{"@context":"https:\/\/schema.org","@graph":[{"@type":"WebPage","@id":"https:\/\/romagnacomputer.com\/prodotto\/stampante-multifunzione-pantum-laser-m7100dw-a4-3in1-33ppm-stampa-f-r-adf-pcl-ps-usb-lan-wifi\/","url":"https:\/\/romagnacomputer.com\/prodotto\/stampante-multifunzione-pantum-laser-m7100dw-a4-3in1-33ppm-stampa-f-r-adf-pcl-ps-usb-lan-wifi\/","name":"STAMPANTE MULTIFUNZIONE PANTUM LASER M7100DW A4 3IN1 33PPM STAMPA F\/R, ADF PCL PS USB LAN WIFI - Romagna Computer S.r.l.","isPartOf":{"@id":"https:\/\/romagnacomputer.com\/#website"},"primaryImageOfPage":{"@id":"https:\/\/romagnacomputer.com\/prodotto\/stampante-multifunzione-pantum-laser-m7100dw-a4-3in1-33ppm-stampa-f-r-adf-pcl-ps-usb-lan-wifi\/#primaryimage"},"image":{"@id":"https:\/\/romagnacomputer.com\/prodotto\/stampante-multifunzione-pantum-laser-m7100dw-a4-3in1-33ppm-stampa-f-r-adf-pcl-ps-usb-lan-wifi\/#primaryimage"},"thumbnailUrl":"https:\/\/romagnacomputer.com\/wp-content\/uploads\/2025\/01\/M7100DW.jpg","datePublished":"2025-01-28T14:13:33+00:00","dateModified":"2025-10-22T06:43:55+00:00","breadcrumb":{"@id":"https:\/\/romagnacomputer.com\/prodotto\/stampante-multifunzione-pantum-laser-m7100dw-a4-3in1-33ppm-stampa-f-r-adf-pcl-ps-usb-lan-wifi\/#breadcrumb"},"inLanguage":"en-US","potentialAction":[{"@type":"ReadAction","target":["https:\/\/romagnacomputer.com\/prodotto\/stampante-multifunzione-pantum-laser-m7100dw-a4-3in1-33ppm-stampa-f-r-adf-pcl-ps-usb-lan-wifi\/"]}]},{"@type":"ImageObject","inLanguage":"en-US","@id":"https:\/\/romagnacomputer.com\/prodotto\/stampante-multifunzione-pantum-laser-m7100dw-a4-3in1-33ppm-stampa-f-r-adf-pcl-ps-usb-lan-wifi\/#primaryimage","url":"https:\/\/romagnacomputer.com\/wp-content\/uploads\/2025\/01\/M7100DW.jpg","contentUrl":"https:\/\/romagnacomputer.com\/wp-content\/uploads\/2025\/01\/M7100DW.jpg","width":1200,"height":1200},{"@type":"BreadcrumbList","@id":"https:\/\/romagnacomputer.com\/prodotto\/stampante-multifunzione-pantum-laser-m7100dw-a4-3in1-33ppm-stampa-f-r-adf-pcl-ps-usb-lan-wifi\/#breadcrumb","itemListElement":[{"@type":"ListItem","position":1,"name":"Home","item":"https:\/\/romagnacomputer.com\/en\/home\/"},{"@type":"ListItem","position":2,"name":"Shop","item":"https:\/\/romagnacomputer.com\/en\/shop\/"},{"@type":"ListItem","position":3,"name":"STAMPANTE MULTIFUNZIONE PANTUM LASER M7100DW A4 3IN1 33PPM STAMPA F\/R, ADF PCL PS USB LAN WIFI"}]},{"@type":"WebSite","@id":"https:\/\/romagnacomputer.com\/#website","url":"https:\/\/romagnacomputer.com\/","name":"Romagna Computer S.r.l.","description":"Vendita Computer","publisher":{"@id":"https:\/\/romagnacomputer.com\/#organization"},"potentialAction":[{"@type":"SearchAction","target":{"@type":"EntryPoint","urlTemplate":"https:\/\/romagnacomputer.com\/?s={search_term_string}"},"query-input":{"@type":"PropertyValueSpecification","valueRequired":true,"valueName":"search_term_string"}}],"inLanguage":"en-US"},{"@type":"Organization","@id":"https:\/\/romagnacomputer.com\/#organization","name":"Romagna Computer S.r.l.","url":"https:\/\/romagnacomputer.com\/","logo":{"@type":"ImageObject","inLanguage":"en-US","@id":"https:\/\/romagnacomputer.com\/#\/schema\/logo\/image\/","url":"https:\/\/romagnacomputer.com\/wp-content\/uploads\/2021\/10\/Romagna-Computer-Logo-x2.png","contentUrl":"https:\/\/romagnacomputer.com\/wp-content\/uploads\/2021\/10\/Romagna-Computer-Logo-x2.png","width":350,"height":100,"caption":"Romagna Computer S.r.l."},"image":{"@id":"https:\/\/romagnacomputer.com\/#\/schema\/logo\/image\/"},"sameAs":["https:\/\/www.facebook.com\/romagnacomputer"]}]}},"_links":{"self":[{"href":"https:\/\/romagnacomputer.com\/en\/wp-json\/wp\/v2\/product\/3904","targetHints":{"allow":["GET"]}}],"collection":[{"href":"https:\/\/romagnacomputer.com\/en\/wp-json\/wp\/v2\/product"}],"about":[{"href":"https:\/\/romagnacomputer.com\/en\/wp-json\/wp\/v2\/types\/product"}],"replies":[{"embeddable":true,"href":"https:\/\/romagnacomputer.com\/en\/wp-json\/wp\/v2\/comments?post=3904"}],"wp:featuredmedia":[{"embeddable":true,"href":"https:\/\/romagnacomputer.com\/en\/wp-json\/wp\/v2\/media\/3905"}],"wp:attachment":[{"href":"https:\/\/romagnacomputer.com\/en\/wp-json\/wp\/v2\/media?parent=3904"}],"wp:term":[{"taxonomy":"product_brand","embeddable":true,"href":"https:\/\/romagnacomputer.com\/en\/wp-json\/wp\/v2\/product_brand?post=3904"},{"taxonomy":"product_cat","embeddable":true,"href":"https:\/\/romagnacomputer.com\/en\/wp-json\/wp\/v2\/product_cat?post=3904"},{"taxonomy":"product_tag","embeddable":true,"href":"https:\/\/romagnacomputer.com\/en\/wp-json\/wp\/v2\/product_tag?post=3904"}],"curies":[{"name":"wp","href":"https:\/\/api.w.org\/{rel}","templated":true}]}}